{"id":65,"date":"2019-11-05T12:35:32","date_gmt":"2019-11-05T12:35:32","guid":{"rendered":"http:\/\/norwegen.lausitz-event.info\/?page_id=65"},"modified":"2019-11-15T13:00:58","modified_gmt":"2019-11-15T12:00:58","slug":"impressum","status":"publish","type":"page","link":"https:\/\/norwegen.lausitz-event.info\/index.php\/impressum\/","title":{"rendered":"Impressum"},"content":{"rendered":"\n<p>Maik B.<br>\nTulpenweg 3<br>\n01968 Senftenberg<\/p>\n\n\n\n<p>eMail: webmaster(at)lausitz-event.info<\/p>\n\n\n\n<p><strong>Haftung f\u00fcr Inhalte<\/strong><\/p>\n\n\n\n<p>Die Inhalte meiner Seiten wurden mit gr\u00f6\u00dfter Sorgfalt erstellt. F\u00fcr  die Richtigkeit, Vollst\u00e4ndigkeit und Aktualit\u00e4t der Inhalte kann ich  jedoch keine Gew\u00e4hr \u00fcbernehmen. Als Diensteanbieter bin ich gem\u00e4\u00df \u00a7 7  Abs.1 TMG f\u00fcr eigene Inhalte auf diesen Seiten nach den allgemeinen  Gesetzen verantwortlich. Nach \u00a7\u00a7 8 bis 10 TMG bin ich als  Diensteanbieter jedoch nicht verpflichtet, \u00fcbermittelte oder  gespeicherte fremde Informationen zu \u00fcberwachen oder nach Umst\u00e4nden zu  forschen, die auf eine rechtswidrige T\u00e4tigkeit hinweisen.  Verpflichtungen zur Entfernung oder Sperrung der Nutzung von  Informationen nach den allgemeinen Gesetzen bleiben hiervon unber\u00fchrt.  Eine diesbez\u00fcgliche Haftung ist jedoch erst ab dem Zeitpunkt der  Kenntnis einer konkreten Rechtsverletzung m\u00f6glich. Bei Bekanntwerden von  entsprechenden Rechtsverletzungen werde ich diese Inhalte umgehend  entfernen.<\/p>\n\n\n\n<p><strong>Haftung f\u00fcr Links<\/strong><\/p>\n\n\n\n<p>Mein Angebot enth\u00e4lt Links zu externen Webseiten Dritter, auf deren \nInhalte ich keinen Einfluss habe. Deshalb kann ich f\u00fcr diese fremden \nInhalte auch keine Gew\u00e4hr \u00fcbernehmen. F\u00fcr die Inhalte der verlinkten \nSeiten ist stets der jeweilige Anbieter oder Betreiber der Seiten \nverantwortlich. Die verlinkten Seiten wurden zum Zeitpunkt der \nVerlinkung auf m\u00f6gliche Rechtsverst\u00f6\u00dfe \u00fcberpr\u00fcft. Rechtswidrige Inhalte \nwaren zum Zeitpunkt der Verlinkung nicht erkennbar. Eine permanente \ninhaltliche Kontrolle der verlinkten Seiten ist jedoch ohne konkrete \nAnhaltspunkte einer Rechtsverletzung nicht zumutbar. Bei Bekanntwerden \nvon Rechtsverletzungen werde ich derartige Links umgehend entfernen.<\/p>\n\n\n\n<p><strong>Urheberrecht<\/strong><\/p>\n\n\n\n<p>Die durch die Seitenbetreiber erstellten Inhalte und Werke auf diesen\n Seiten unterliegen dem deutschen Urheberrecht. Die Vervielf\u00e4ltigung, \nBearbeitung, Verbreitung und jede Art der Verwertung au\u00dferhalb der \nGrenzen des Urheberrechtes bed\u00fcrfen der schriftlichen Zustimmung des \njeweiligen Autors bzw. Erstellers. Downloads und Kopien dieser Seite \nsind nur f\u00fcr den privaten, nicht kommerziellen Gebrauch gestattet. \nSoweit die Inhalte auf dieser Seite nicht vom Betreiber erstellt wurden,\n werden die Urheberrechte Dritter beachtet. Insbesondere werden Inhalte \nDritter als solche gekennzeichnet. Sollten Sie trotzdem auf eine \nUrheberrechtsverletzung aufmerksam werden, bitte ich um einen \nentsprechenden Hinweis. Bei Bekanntwerden von Rechtsverletzungen werden \nwir derartige Inhalte umgehend entfernen.<\/p>\n\n\n\n<p><strong>Datenschutz<\/strong><\/p>\n\n\n\n<p>Die Nutzung meiner Webseite ist in der Regel ohne Angabe \npersonenbezogener Daten m\u00f6glich. Soweit auf meinen Seiten \npersonenbezogene Daten (beispielsweise Name, Anschrift oder \neMail-Adressen) erhoben werden, erfolgt dies, soweit m\u00f6glich, stets auf \nfreiwilliger Basis. Diese Daten werden ohne Ihre ausdr\u00fcckliche \nZustimmung nicht an Dritte weitergegeben.<\/p>\n\n\n\n<p>Ich weise darauf hin, dass die Daten\u00fcbertragung im Internet (z.B. bei\n der Kommunikation per E-Mail) Sicherheitsl\u00fccken aufweisen kann. Ein \nl\u00fcckenloser Schutz der Daten vor dem Zugriff durch Dritte ist nicht \nm\u00f6glich.<\/p>\n\n\n\n<p>Der Nutzung von im Rahmen der Impressumspflicht ver\u00f6ffentlichten \nKontaktdaten durch Dritte zur \u00dcbersendung von nicht ausdr\u00fccklich \nangeforderter Werbung und Informationsmaterialien wird hiermit \nausdr\u00fccklich widersprochen. Der Betreiber der Seiten beh\u00e4lt sich \nausdr\u00fccklich rechtliche Schritte im Falle der unverlangten Zusendung von\n Werbeinformationen, etwa durch Spam-Mails, vor.<\/p>\n\n\n\n<p>Quelle: <em><a href=\"http:\/\/www.e-recht24.de\/muster-disclaimer.htm\" target=\"_blank\" rel=\"noreferrer noopener\">Disclaimer<\/a> von eRecht24, dem Portal zum Internetrecht von <a href=\"http:\/\/www.e-recht24.de\/\" target=\"_blank\" rel=\"noreferrer noopener\">Rechtsanwalt<\/a> S\u00f6ren Siebert.<\/em><\/p>\n","protected":false},"excerpt":{"rendered":"<p>Maik B. Tulpenweg 3 01968 Senftenberg eMail: webmaster(at)lausitz-event.info Haftung f\u00fcr Inhalte Die Inhalte meiner Seiten wurden mit gr\u00f6\u00dfter Sorgfalt erstellt. F\u00fcr die Richtigkeit, Vollst\u00e4ndigkeit und Aktualit\u00e4t der Inhalte kann ich jedoch keine Gew\u00e4hr \u00fcbernehmen. Als<\/p>\n","protected":false},"author":1,"featured_media":0,"parent":0,"menu_order":0,"comment_status":"closed","ping_status":"closed","template":"","meta":{"ngg_post_thumbnail":0,"footnotes":""},"class_list":["post-65","page","type-page","status-publish","hentry"],"jetpack_sharing_enabled":true,"_links":{"self":[{"href":"https:\/\/norwegen.lausitz-event.info\/index.php\/wp-json\/wp\/v2\/pages\/65","targetHints":{"allow":["GET"]}}],"collection":[{"href":"https:\/\/norwegen.lausitz-event.info\/index.php\/wp-json\/wp\/v2\/pages"}],"about":[{"href":"https:\/\/norwegen.lausitz-event.info\/index.php\/wp-json\/wp\/v2\/types\/page"}],"author":[{"embeddable":true,"href":"https:\/\/norwegen.lausitz-event.info\/index.php\/wp-json\/wp\/v2\/users\/1"}],"replies":[{"embeddable":true,"href":"https:\/\/norwegen.lausitz-event.info\/index.php\/wp-json\/wp\/v2\/comments?post=65"}],"version-history":[{"count":4,"href":"https:\/\/norwegen.lausitz-event.info\/index.php\/wp-json\/wp\/v2\/pages\/65\/revisions"}],"predecessor-version":[{"id":542,"href":"https:\/\/norwegen.lausitz-event.info\/index.php\/wp-json\/wp\/v2\/pages\/65\/revisions\/542"}],"wp:attachment":[{"href":"https:\/\/norwegen.lausitz-event.info\/index.php\/wp-json\/wp\/v2\/media?parent=65"}],"curies":[{"name":"wp","href":"https:\/\/api.w.org\/{rel}","templated":true}]}}