{"id":1149,"date":"2021-07-04T07:43:52","date_gmt":"2021-07-04T06:43:52","guid":{"rendered":"https:\/\/norwegen.lausitz-event.info\/?page_id=1149"},"modified":"2025-01-03T11:00:02","modified_gmt":"2025-01-03T10:00:02","slug":"links","status":"publish","type":"page","link":"https:\/\/norwegen.lausitz-event.info\/index.php\/links\/","title":{"rendered":"Links"},"content":{"rendered":"\n<p><strong>Ausstattung \/ Bekleidung \/ Tackle und sonstiges &#8222;Nutzloses&#8220;<\/strong><\/p>\n\n\n\n<p><a href=\"https:\/\/www.12seemeilen.de\" target=\"_blank\" rel=\"noreferrer noopener\">https:\/\/www.12seemeilen.de<\/a> &#8211; Rettungswesten und alles was man so auf Booten brauchen kann&#8230;<\/p>\n\n\n\n<p><a href=\"https:\/\/www.echolotzentrum.de\">https:\/\/www.echolotzentrum.de<\/a> &#8211; Anders als es der Name vermuten l\u00e4sst, gibt es dort nicht nur Echolote, sondern beispielsweise auch Floater und nat\u00fcrlich auch Bootszubeh\u00f6r<\/p>\n\n\n\n<p><a href=\"https:\/\/www.fishing-adventure.com\" target=\"_blank\" rel=\"noreferrer noopener\">https:\/\/www.fishing-adventure.com<\/a> &#8211; G\u00fcnstiges Tackle (vor allem die &#8222;Angsthaken&#8220; <a href=\"https:\/\/www.fishing-adventure.com\/xtra-strong-single-assist-hook\">https:\/\/www.fishing-adventure.com\/xtra-strong-single-assist-hook<\/a>)<\/p>\n\n\n\n<p><a href=\"https:\/\/www.pilker-discount.de\/sonderangebote\" target=\"_blank\" rel=\"noreferrer noopener\">https:\/\/www.pilker-discount.de\/sonderangebote<\/a> &#8211; Ebenfalls Tackle erh\u00e4ltlich, \u00f6fters auch mal g\u00fcnstige Sonderangebote<\/p>\n\n\n\n<p><a href=\"https:\/\/www.am-angelsport-onlineshop.de\" target=\"_blank\" rel=\"noreferrer noopener\">https:\/\/www.am-angelsport-onlineshop.de<\/a> &#8211; &#8230; und noch einer<\/p>\n\n\n\n<p><strong>Reiseanbieter<\/strong> <\/p>\n\n\n\n<p><a href=\"https:\/\/www.borks.de\">https:\/\/www.borks.de<\/a><\/p>\n\n\n\n<p><a href=\"https:\/\/www.angelreisen-k-n.berlin\">https:\/\/www.angelreisen-k-n.berlin<\/a><\/p>\n\n\n\n<p><a href=\"https:\/\/www.dintur.no\">https:\/\/www.dintur.no<\/a><\/p>\n\n\n\n<p><a href=\"https:\/\/www.kingfisher.de\">https:\/\/www.kingfisher.de<\/a><\/p>\n\n\n\n<p><a href=\"https:\/\/www.betten-rorbuer.no\/?lang=de\">https:\/\/www.betten-rorbuer.no\/?lang=de<\/a> &#8211; Homepage unserer pr\u00e4ferierten Insel Korsholmen, sozusagen das norwegische &#8222;Zuhause&#8220; <\/p>\n\n\n\n<p><strong>Zwischen\u00fcbernachtungen<\/strong><\/p>\n\n\n\n<p>Falls ihr den Weg durch Schweden plant, hier ein paar Links zu bezahlbaren Unterk\u00fcnften wo auch mal bis zu 12 Personen \u00fcbernachten k\u00f6nnen.<\/p>\n\n\n\n<p><a href=\"https:\/\/www.airbnb.de\/rooms\/43800139?source_impression_id=p3_1735897113_P32M36FgK-LwKfE_\">https:\/\/www.airbnb.de\/rooms\/43800139?source_impression_id=p3_1735897113_P32M36FgK-LwKfE_<\/a><\/p>\n\n\n\n<p><a href=\"https:\/\/www.airbnb.de\/rooms\/672030272635652115?source_impression_id=p3_1735897230_P3RTaDBbKBd6kdgj\">https:\/\/www.airbnb.de\/rooms\/672030272635652115?source_impression_id=p3_1735897230_P3RTaDBbKBd6kdgj<\/a><\/p>\n\n\n\n<p><a href=\"https:\/\/www.airbnb.de\/rooms\/662998660021386931?source_impression_id=p3_1735897275_P3dorsivKCmSyvXk\">https:\/\/www.airbnb.de\/rooms\/662998660021386931?source_impression_id=p3_1735897275_P3dorsivKCmSyvXk<\/a><\/p>\n\n\n\n<p>Da wir auf der R\u00fccktour seit einigen Jahren ebenfalls noch einmal einen kurzen Zwischenstopp mit Abschlussgrillen einlegen, haben wir auch da unsere bevorzugten Unterk\u00fcnfte.<\/p>\n\n\n\n<p><a href=\"https:\/\/www.tynsetcamping.no\">https:\/\/www.tynsetcamping.no<\/a> &#8211; Fr\u00fchst\u00fcck kann gebucht werden<\/p>\n\n\n\n<p><a href=\"https:\/\/www.booking.com\/hotel\/no\/nms-mesnali-leirsted.de.html?label=gen173nr-1BCAEoggI46AdIM1gEaDuIAQGYAQe4ARfIAQ_YAQHoAQGIAgGoAgO4Arbi3rsGwAIB0gIkMzBkN2ZjM2MtNjUxZS00NDMzLWI4NWQtNjBiMzcxNzk2ZDJm2AIF4AIB&amp;sid=2132f02ebe72da77b6809b50eb86ab02&amp;aid=304142\">https:\/\/www.booking.com\/hotel\/no\/nms-mesnali-leirsted.de.html?label=gen173nr-1BCAEoggI46AdIM1gEaDuIAQGYAQe4ARfIAQ_YAQHoAQGIAgGoAgO4Arbi3rsGwAIB0gIkMzBkN2ZjM2MtNjUxZS00NDMzLWI4NWQtNjBiMzcxNzk2ZDJm2AIF4AIB&amp;sid=2132f02ebe72da77b6809b50eb86ab02&amp;aid=304142<\/a><\/p>\n\n\n\n<p><a href=\"https:\/\/www.booking.com\/hotel\/no\/lillehammer-stasjonen-hostel.de.html?aid=318615&amp;label=New_German_DE_DE_21481143985-TAc6IQuqhJ2KJVFCwGBZTgS217242921774%3Apl%3Ata%3Ap1%3Ap2%3Aac%3Aap%3Aneg%3Afi55295811325%3Atidsa-302962658775%3Alp9041531%3Ali%3Adec%3Adm&amp;sid=2b9072e018e6d96c878942267e94f4b2&amp;dest_id=-268962&amp;dest_type=city&amp;dist=0&amp;group_adults=2&amp;group_children=0&amp;hapos=1&amp;hpos=1&amp;no_rooms=1&amp;req_adults=2&amp;req_children=0&amp;room1=A%2CA&amp;sb_price_type=total&amp;sr_order=popularity&amp;srepoch=1735897695&amp;srpvid=4f2444eb5c2c03d4&amp;type=total&amp;ucfs=1&amp;\">https:\/\/www.booking.com\/hotel\/no\/lillehammer-stasjonen-hostel.de.html?aid=318615&amp;label=New_German_DE_DE_21481143985-TAc6IQuqhJ2KJVFCwGBZTgS217242921774%3Apl%3Ata%3Ap1%3Ap2%3Aac%3Aap%3Aneg%3Afi55295811325%3Atidsa-302962658775%3Alp9041531%3Ali%3Adec%3Adm&amp;sid=2b9072e018e6d96c878942267e94f4b2&amp;dest_id=-268962&amp;dest_type=city&amp;dist=0&amp;group_adults=2&amp;group_children=0&amp;hapos=1&amp;hpos=1&amp;no_rooms=1&amp;req_adults=2&amp;req_children=0&amp;room1=A%2CA&amp;sb_price_type=total&amp;sr_order=popularity&amp;srepoch=1735897695&amp;srpvid=4f2444eb5c2c03d4&amp;type=total&amp;ucfs=1&amp;<\/a> &#8211; Sehr gutes Fr\u00fchst\u00fcck<\/p>\n\n\n\n<p><strong>F\u00e4hren<\/strong><\/p>\n\n\n\n<p><a href=\"https:\/\/www.ttline.com\/de\">https:\/\/www.ttline.com\/de<\/a> &#8211; TT-Line Rostock-Trelleborg, Vergleichsweise g\u00fcnstige F\u00e4hre. F\u00fcr die Nacht aber unbedingt Schlafkabinen buchen, da sehr spezielle G\u00e4ste an Bord sind<\/p>\n\n\n\n<p><a href=\"https:\/\/www.scandlines.de\">https:\/\/www.scandlines.de<\/a> &#8211; W\u00e4hlt man die Tour \u00fcber D\u00e4nemark (DFDS Kopenhagen.-Oslo), nimmt man am besten die Scandlines Rostock-Gedser, oder aber Puttgarden-R\u00f6dby<\/p>\n\n\n\n<p><a href=\"https:\/\/www.dfds.com\/de-de\/passagierfaehren\">https:\/\/www.dfds.com\/de-de\/passagierfaehren<\/a> &#8211; Die preiswerte F\u00e4hre wenn man von Kopenhagen nach Oslo m\u00f6chte<\/p>\n\n\n\n<p><a href=\"https:\/\/www.colorline.de\/\">https:\/\/www.colorline.de\/<\/a> &#8211; Die Queen der F\u00e4hren Richtung Oslo(Kiel-Oslo). Kleiner Tipp. Unbedingt das Fr\u00fchst\u00fcck buchen. Der Preis f\u00fcr Fr\u00fchst\u00fcck ist auf fast allen F\u00e4hren gleich, aber die Qualit\u00e4t auf der Colorline ist nicht zu \u00fcbertreffen.<\/p>\n\n\n\n<p><a href=\"https:\/\/www.fjordline.com\">https:\/\/www.fjordline.com<\/a> &#8211; Wer den S\u00fcden oder den Westen Norwegens bereisen m\u00f6chte, kommt an dem Autoritt durch D\u00e4nemark nicht vorbei und besteigt dann in Hirtshals die Fjordline Richtung Kristiansand, Stavanger oder auch Bergen.<\/p>\n","protected":false},"excerpt":{"rendered":"<p>Ausstattung \/ Bekleidung \/ Tackle und sonstiges &#8222;Nutzloses&#8220; https:\/\/www.12seemeilen.de &#8211; Rettungswesten und alles was man so auf Booten brauchen kann&#8230; https:\/\/www.echolotzentrum.de &#8211; Anders als es der Name vermuten l\u00e4sst, gibt es dort nicht nur Echolote,<\/p>\n","protected":false},"author":1,"featured_media":0,"parent":0,"menu_order":0,"comment_status":"closed","ping_status":"closed","template":"","meta":{"ngg_post_thumbnail":0,"footnotes":""},"class_list":["post-1149","page","type-page","status-publish","hentry"],"jetpack_sharing_enabled":true,"_links":{"self":[{"href":"https:\/\/norwegen.lausitz-event.info\/index.php\/wp-json\/wp\/v2\/pages\/1149","targetHints":{"allow":["GET"]}}],"collection":[{"href":"https:\/\/norwegen.lausitz-event.info\/index.php\/wp-json\/wp\/v2\/pages"}],"about":[{"href":"https:\/\/norwegen.lausitz-event.info\/index.php\/wp-json\/wp\/v2\/types\/page"}],"author":[{"embeddable":true,"href":"https:\/\/norwegen.lausitz-event.info\/index.php\/wp-json\/wp\/v2\/users\/1"}],"replies":[{"embeddable":true,"href":"https:\/\/norwegen.lausitz-event.info\/index.php\/wp-json\/wp\/v2\/comments?post=1149"}],"version-history":[{"count":15,"href":"https:\/\/norwegen.lausitz-event.info\/index.php\/wp-json\/wp\/v2\/pages\/1149\/revisions"}],"predecessor-version":[{"id":2008,"href":"https:\/\/norwegen.lausitz-event.info\/index.php\/wp-json\/wp\/v2\/pages\/1149\/revisions\/2008"}],"wp:attachment":[{"href":"https:\/\/norwegen.lausitz-event.info\/index.php\/wp-json\/wp\/v2\/media?parent=1149"}],"curies":[{"name":"wp","href":"https:\/\/api.w.org\/{rel}","templated":true}]}}